{"id":9,"date":"2018-05-23T20:44:01","date_gmt":"2018-05-23T20:44:01","guid":{"rendered":"http:\/\/word.elektro-konrad.de\/?page_id=9"},"modified":"2025-01-31T22:15:21","modified_gmt":"2025-01-31T20:15:21","slug":"home","status":"publish","type":"page","link":"http:\/\/word.elektro-konrad.de\/","title":{"rendered":"Home"},"content":{"rendered":"<p><b><span style=\"color: #000000; font-family: Verdana;\">Herzlich willkommen auf unserer Homepage<\/span><\/b><\/p>\n<p><span style=\"color: #000000; font-family: Verdana;\">Hier finden Sie vielf\u00e4ltige Informationen \u00fcber unser Unternehmen und interessante Hintergrundinformationen rund um die Elektroinstallation. F\u00fcr Fragen und Anregungen stehen wir Ihnen gerne zur Verf\u00fcgung.<\/span><\/p>\n<p><b><span style=\"color: #000000; font-family: Verdana;\">Wir sind f\u00fcr Sie im Einsatz<\/span><\/b><\/p>\n<p><span style=\"color: #000000; font-family: Verdana;\">Seit <b>\u00fcber 18 Jahren<\/b> schon bieten wir Ihnen kompetenten Service rund um die Elektroinstallation. Unsere Fachleute k\u00fcmmern sich schnell und zuverl\u00e4ssig um Planung und Durchf\u00fchrung von Neuinstallationen, Wartungen oder Reparaturen. <\/span><\/p>\n<p>&nbsp;<\/p>\n","protected":false},"excerpt":{"rendered":"<p>Herzlich willkommen auf unserer Homepage Hier finden Sie vielf\u00e4ltige Informationen \u00fcber unser Unternehmen und interessante Hintergrundinformationen rund um die Elektroinstallation. F\u00fcr Fragen und Anregungen stehen wir Ihnen gerne zur Verf\u00fcgung. Wir sind f\u00fcr Sie im Einsatz Seit \u00fcber 18 Jahren schon bieten wir Ihnen kompetenten Service rund um die Elektroinstallation. Unsere Fachleute k\u00fcmmern sich schnell &hellip; <a href=\"http:\/\/word.elektro-konrad.de\/\" class=\"more-link\"><span class=\"screen-reader-text\">\u201eHome\u201c<\/span> weiterlesen<\/a><\/p>\n","protected":false},"author":1,"featured_media":0,"parent":0,"menu_order":0,"comment_status":"closed","ping_status":"closed","template":"","meta":{"footnotes":""},"class_list":["post-9","page","type-page","status-publish","hentry"],"_links":{"self":[{"href":"http:\/\/word.elektro-konrad.de\/index.php?rest_route=\/wp\/v2\/pages\/9","targetHints":{"allow":["GET"]}}],"collection":[{"href":"http:\/\/word.elektro-konrad.de\/index.php?rest_route=\/wp\/v2\/pages"}],"about":[{"href":"http:\/\/word.elektro-konrad.de\/index.php?rest_route=\/wp\/v2\/types\/page"}],"author":[{"embeddable":true,"href":"http:\/\/word.elektro-konrad.de\/index.php?rest_route=\/wp\/v2\/users\/1"}],"replies":[{"embeddable":true,"href":"http:\/\/word.elektro-konrad.de\/index.php?rest_route=%2Fwp%2Fv2%2Fcomments&post=9"}],"version-history":[{"count":4,"href":"http:\/\/word.elektro-konrad.de\/index.php?rest_route=\/wp\/v2\/pages\/9\/revisions"}],"predecessor-version":[{"id":137,"href":"http:\/\/word.elektro-konrad.de\/index.php?rest_route=\/wp\/v2\/pages\/9\/revisions\/137"}],"wp:attachment":[{"href":"http:\/\/word.elektro-konrad.de\/index.php?rest_route=%2Fwp%2Fv2%2Fmedia&parent=9"}],"curies":[{"name":"wp","href":"https:\/\/api.w.org\/{rel}","templated":true}]}}